{"id":2964,"date":"2019-08-29T04:23:53","date_gmt":"2019-08-29T04:23:53","guid":{"rendered":"http:\/\/transportaction.com\/information-request\/aviso-de-privacidad\/"},"modified":"2022-07-04T05:22:57","modified_gmt":"2022-07-04T05:22:57","slug":"privacy-police","status":"publish","type":"page","link":"https:\/\/transportaction.com\/en\/information-request-back\/privacy-police\/","title":{"rendered":"Privacy police"},"content":{"rendered":"<h2>Identidad y domicilio del responsable del fichero<\/h2>\n<p>Transport Acci\u00f3n, S.A., en lo sucesivo &#8220;Transport Acci\u00f3n, S.A.&#8221; con domicilio en R\u00edo Marne 17. 1er. piso, Cuauht\u00e9moc, 06500 CDMX,\u00a0 es una empresa instituida constitucionalmente por las leyes mercantiles de la Rep\u00fablica Mexicana. Transport Acci\u00f3n, S.A. es titular de la p\u00e1gina web <a href=\"https:\/\/transportaction.com\/en\/\" target=\"_blank\" rel=\"noopener noreferrer\">www.transportaction.com<\/a> y responsable del fichero creado a partir de la informaci\u00f3n suministrada por los usuarios.<\/p>\n<p>De conformidad con lo dispuesto en la nueva Ley Org\u00e1nica de Protecci\u00f3n de Datos del 2018 y RGPD, le informamos que el suministro de cualquier dato de car\u00e1cter personal a trav\u00e9s de los distintos formularios de la presente p\u00e1gina web implica aceptar y consentir expresamente el tratamiento de los mismos en los t\u00e9rminos indicados en la presente Pol\u00edtica de privacidad.<\/p>\n<h2>Calidad de los datos<\/h2>\n<p>Transport Acci\u00f3n, S.A., garantiza las medidas t\u00e9cnicas y organizativas necesarias para la seguridad e integridad de los datos privados de empresas y centros que contiene, evitando su alteraci\u00f3n, p\u00e9rdida, tratamiento o acceso no autorizado.<\/p>\n<h2>Finalidad de los datos<\/h2>\n<p>La recogida y tratamiento automatizado de los datos privados de empresas y centros tiene como finalidad:<\/p>\n<p style=\"padding-left: 40px;\">\u2013 El mantenimiento de la relaci\u00f3n contractual establecida entre el titular de los datos y Transport Acci\u00f3n, S.A..<\/p>\n<p style=\"padding-left: 40px;\">\u2013 El uso de los datos para fines comerciales con Transport Acci\u00f3n, S.A. y Asociados as\u00ed como futuros Asociados comerciales.<\/p>\n<p style=\"padding-left: 40px;\">\u2013 El tratamiento de los datos con fines estad\u00edsticos, hist\u00f3ricos o cient\u00edficos.<\/p>\n<p style=\"padding-left: 40px;\">\u2013 En ning\u00fan caso ser\u00e1n utilizados para otras finalidades distintas de aqu\u00e9llas para las que han sido recabados.<\/p>\n<h2>Deber de informaci\u00f3n y consentimiento<\/h2>\n<p>Las empresas y centros titulares de los datos que figuran en los ficheros de Transport Acci\u00f3n, S.A., aceptan conocer de modo expreso, preciso e inequ\u00edvoco que sus datos se encuentran incorporados a un fichero propiedad de la empresa Transport Acci\u00f3n, S.A., destinado a mantener las relaciones anteriormente expuestas y que son los adecuados, pertinentes y necesarios para la finalidad con la que han sido recabados, y por tanto, dan su consentimiento para su tratamiento.<\/p>\n<h2>Cesi\u00f3n de datos<\/h2>\n<p>Transport Acci\u00f3n, S.A. o Transportaction no informar\u00e1 sobre sus datos a ning\u00fan tercero, salvo que la comunicaci\u00f3n tenga como finalidad el cumplimiento de los fines directamente relacionados con las funciones leg\u00edtimas del cedente y del cesionario o el titular haya otorgado su consentimiento a dichos efectos o cuando la cesi\u00f3n est\u00e9 autorizada por alguna ley.<\/p>\n<p>Derecho de Acceso, Rectificaci\u00f3n, Cancelaci\u00f3n y Oposici\u00f3n de datos. La empresa o centro podr\u00e1 ejercer en cualquier momento su derecho de acceso, rectificaci\u00f3n, cancelaci\u00f3n y oposici\u00f3n de sus datos dirigi\u00e9ndose a: Departamento de atenci\u00f3n al cliente marketing@transportaction.com<\/p>\n","protected":false},"excerpt":{"rendered":"<p>Identidad y domicilio del responsable del fichero Transport Acci\u00f3n, S.A.,&#8230;<\/p>\n","protected":false},"author":1,"featured_media":0,"parent":2956,"menu_order":0,"comment_status":"closed","ping_status":"closed","template":"","meta":{"footnotes":""},"class_list":["post-2964","page","type-page","status-publish"],"_links":{"self":[{"href":"https:\/\/transportaction.com\/en\/wp-json\/wp\/v2\/pages\/2964","targetHints":{"allow":["GET"]}}],"collection":[{"href":"https:\/\/transportaction.com\/en\/wp-json\/wp\/v2\/pages"}],"about":[{"href":"https:\/\/transportaction.com\/en\/wp-json\/wp\/v2\/types\/page"}],"author":[{"embeddable":true,"href":"https:\/\/transportaction.com\/en\/wp-json\/wp\/v2\/users\/1"}],"replies":[{"embeddable":true,"href":"https:\/\/transportaction.com\/en\/wp-json\/wp\/v2\/comments?post=2964"}],"version-history":[{"count":3,"href":"https:\/\/transportaction.com\/en\/wp-json\/wp\/v2\/pages\/2964\/revisions"}],"predecessor-version":[{"id":2967,"href":"https:\/\/transportaction.com\/en\/wp-json\/wp\/v2\/pages\/2964\/revisions\/2967"}],"up":[{"embeddable":true,"href":"https:\/\/transportaction.com\/en\/wp-json\/wp\/v2\/pages\/2956"}],"wp:attachment":[{"href":"https:\/\/transportaction.com\/en\/wp-json\/wp\/v2\/media?parent=2964"}],"curies":[{"name":"wp","href":"https:\/\/api.w.org\/{rel}","templated":true}]}}