{"id":2683,"date":"2019-06-14T04:32:35","date_gmt":"2019-06-14T10:32:35","guid":{"rendered":"http:\/\/transportaction.com\/quienes-somos\/"},"modified":"2024-03-14T11:11:16","modified_gmt":"2024-03-14T17:11:16","slug":"about-us","status":"publish","type":"page","link":"https:\/\/transportaction.com\/en\/about-us\/","title":{"rendered":"About us"},"content":{"rendered":"<section class=\"wpb-content-wrapper\"><p>[vc_row][vc_column][vc_column_text]<\/p>\n<h3><i>TRANSPORT &#8230; our activity, ACTION&#8230; our<\/i> <i>characteristic.<\/i><\/h3>\n<p>[\/vc_column_text][\/vc_column][\/vc_row][vc_row][vc_column width=&#8221;1\/2&#8243;][vc_column_text]<\/p>\n<h2>Integral Solutions in International Logistics<\/h2>\n<p><strong>We are an experienced, dedicated and professional team, specialized in freight solutions, chain of distribution and international logistics.<\/strong><\/p>\n<p><strong>Transport Accion S.A.<\/strong> is a <strong>Mexican company with 48<\/strong> successful years of experience in international cargo transportation, customs and supply chain logistics, offering customized solutions tailored to the needs of our customers, with quality, responsibility and efficiency, creating confidence and security in each of our operations.<\/p>\n<ul>\n<li>\u00a0 Ethics and prestige.<\/li>\n<li>\u00a0 Knowledge and experience.<\/li>\n<\/ul>\n<p>[\/vc_column_text][\/vc_column][vc_column width=&#8221;1\/2&#8243;][vc_single_image image=&#8221;2776&#8243; img_size=&#8221;full&#8221;][\/vc_column][\/vc_row][vc_row][vc_column width=&#8221;1\/6&#8243;][\/vc_column][vc_column width=&#8221;2\/3&#8243;][vc_column_text]<\/p>\n<h2>Pol\u00edtica integral<\/h2>\n<h3>Calidad \u2013 Gesti\u00f3n de la seguridad<\/h3>\n<p>En <strong>Transport Acci\u00f3n S.A<\/strong>., nuestra actividad es la <strong>de coordinar servicios de log\u00edstica integral para atender los requerimientos de importaci\u00f3n o exportaci\u00f3n<\/strong> de mercanc\u00edas, desde y hasta cualquier pa\u00eds del mundo.<\/p>\n<p><strong>Satisfacemos<\/strong> los requisitos de nuestros clientes cumpliendo con la legislaci\u00f3n aplicable, los requisitos de reglamentaci\u00f3n y de seguridad en la cadena de suministro.<\/p>\n<p>Es un compromiso de todos, prevenir actividades il\u00edcitas a lo largo de la cadena de suministro y mejorar continuamente la eficacia de nuestro sistema de gesti\u00f3n integral.<\/p>\n<h4 style=\"text-align: right;\"><strong>Direcci\u00f3n General<\/strong><\/h4>\n<p>[\/vc_column_text][\/vc_column][vc_column width=&#8221;1\/6&#8243;][\/vc_column][\/vc_row]<\/p>\n<\/section>","protected":false},"excerpt":{"rendered":"<p>[vc_row][vc_column][vc_column_text] TRANSPORT &#8230; our activity, ACTION&#8230; our characteristic. [\/vc_column_text][\/vc_column][\/vc_row][vc_row][vc_column width=&#8221;1\/2&#8243;][vc_column_text]&#8230;<\/p>\n","protected":false},"author":1,"featured_media":0,"parent":0,"menu_order":0,"comment_status":"closed","ping_status":"closed","template":"","meta":{"footnotes":""},"class_list":["post-2683","page","type-page","status-publish"],"_links":{"self":[{"href":"https:\/\/transportaction.com\/en\/wp-json\/wp\/v2\/pages\/2683","targetHints":{"allow":["GET"]}}],"collection":[{"href":"https:\/\/transportaction.com\/en\/wp-json\/wp\/v2\/pages"}],"about":[{"href":"https:\/\/transportaction.com\/en\/wp-json\/wp\/v2\/types\/page"}],"author":[{"embeddable":true,"href":"https:\/\/transportaction.com\/en\/wp-json\/wp\/v2\/users\/1"}],"replies":[{"embeddable":true,"href":"https:\/\/transportaction.com\/en\/wp-json\/wp\/v2\/comments?post=2683"}],"version-history":[{"count":9,"href":"https:\/\/transportaction.com\/en\/wp-json\/wp\/v2\/pages\/2683\/revisions"}],"predecessor-version":[{"id":3296,"href":"https:\/\/transportaction.com\/en\/wp-json\/wp\/v2\/pages\/2683\/revisions\/3296"}],"wp:attachment":[{"href":"https:\/\/transportaction.com\/en\/wp-json\/wp\/v2\/media?parent=2683"}],"curies":[{"name":"wp","href":"https:\/\/api.w.org\/{rel}","templated":true}]}}